{"id":50232,"date":"2025-12-11T12:42:29","date_gmt":"2025-12-11T12:42:29","guid":{"rendered":"https:\/\/cristalens-international.srv3.ablop.com\/politica-de-confidencialidad\/"},"modified":"2026-02-10T13:41:55","modified_gmt":"2026-02-10T13:41:55","slug":"politica-de-confidencialidad","status":"publish","type":"page","link":"https:\/\/cristalens-international.srv3.ablop.com\/es\/politica-de-confidencialidad\/","title":{"rendered":"Politica de confidencialidad"},"content":{"rendered":"\n<h3 class=\"wp-block-heading\">RESPONSABLE DEL TRATAMIENTO DE DATOS<\/h3>\n\n\n\n<p>La empresa CRISTALENS ESPA\u00d1A, Cristalens Sociedad Limitada, inscrita en el Registro Mercantil con el CIF B 66374224 cuya sede social se encuentra en Barcelona, Roger de Ll\u00faria 44, 7-4, dispone de un sitio web escaparate destinado tanto a profesionales de la salud como a pacientes y particulares.<\/p>\n\n\n\n<p>As\u00ed como PLANETHOSTER inc, proveedor de servicios y alojamiento, cuya sede social se encuentra en 4416 Louis B. Mayer, Laval (Quebec) H7P 0G1, Canad\u00e1, y puede ponerse en contacto con \u00e9l por tel\u00e9fono llamando al :<\/p>\n\n\n\n<p>ES (N\u00famero gratuito): +34 9 32 71 21 36<br>FR: +33 1 76 60 41 43<br>BE: +32 28 08 13 21<br>CH: +41 31 528 01 41<br>UK: +44 (0)808 189 0423<br>AU: +61 18 0035 1172<br>EE.UU.: +1 855 774 4678<br>CA: +1 855 774 4678<br>QC: +1 514 802 1644.<\/p>\n\n\n\n<p>Para la totalidad de los siguientes avisos legales, las empresas del grupo Cristalens ser\u00e1n referidas por sus nombres legales como sigue<\/p>\n\n\n\n<p>Cristalens industrie representar\u00e1 a Cristalens international<\/p>\n\n\n\n<p>Cristalens representar\u00e1 a Cristalens France<\/p>\n\n\n\n<hr class=\"wp-block-separator has-alpha-channel-opacity\"\/>\n\n\n\n<p>Concepci\u00f3n &amp; web design <a href=\"https:\/\/www.webeolia.com\/\">Webeolia<\/a><\/p>\n\n\n\n<hr class=\"wp-block-separator has-alpha-channel-opacity\"\/>\n\n\n\n<h3 class=\"wp-block-heading\">OBJETO DEL TRATAMIENTO Y FINALIDAD<\/h3>\n\n\n\n<p>Este sitio web permite a los profesionales consultar informaci\u00f3n t\u00e9cnica sobre productos y publicaciones cient\u00edficas, acceder a una calculadora en l\u00ednea mediante acceso restringido e informarse sobre los m\u00e9todos de distribuci\u00f3n.<\/p>\n\n\n\n<p>Tambi\u00e9n pueden contactar con CRISTALENS y todas sus entidades para solicitudes de informaci\u00f3n, reclamaciones o vigilancia material.<\/p>\n\n\n\n<p>El acceso del paciente permite al usuario obtener informaci\u00f3n sobre CRISTALENS INDUSTRIE y su filiale, acceder a la informaci\u00f3n proporcionada al paciente, ponerse en contacto con CRISTALENS y presentar una solicitud de vigilancia material a trav\u00e9s del formulario correspondiente.<\/p>\n\n\n\n<p>Los datos recogidos en estas diferentes ocasiones se registran y tratan en un fichero cliente\/calidad almacenado en el servidor de alojamiento del sitio dentro de la carpeta WordPress.<\/p>\n\n\n\n<h2 class=\"wp-block-heading\">BASE LEGAL<\/h2>\n\n\n\n<p>Las bases legales para el tratamiento son las siguientes:<\/p>\n\n\n\n<ul class=\"wp-block-list\">\n<li><strong>Inter\u00e9s leg\u00edtimo<\/strong> \u2013 CF. Art\u00edculo 6.1.f \u2013 del Reglamento Europeo de Protecci\u00f3n de Datos 2016\/679 ; <\/li>\n\n\n\n<li><strong>Cumplimiento de obligaci\u00f3n legal<\/strong> \u2013 CF. Art\u00edculo 6.1.c del Reglamento Europeo de Protecci\u00f3n de Datos 2016\/679 y Art. L.5212-2 del C\u00f3digo de Salud P\u00fablica franc\u00e9s;  <\/li>\n\n\n\n<li><strong>Cumplimiento del contrato <\/strong>\u2013 CF. Art\u00edculo 6.1.b del Reglamento 2016\/679 de la UE relativo a la protecci\u00f3n de datos; <\/li>\n\n\n\n<li><strong>Consentimiento <\/strong>\u2013 CF. Art\u00edculo 6.1.a del Reglamento Europeo de Protecci\u00f3n de Datos 2016\/679; <\/li>\n<\/ul>\n\n\n\n<h2 class=\"wp-block-heading\">DATOS RECOGIDOS<\/h2>\n\n\n\n<p>Los datos recogidos son los siguientes:<\/p>\n\n\n\n<ul class=\"wp-block-list\">\n<li>Formulario de solicitud de informaci\u00f3n y\/o env\u00edo de mensaje directo:\n<ul class=\"wp-block-list\">\n<li>Apellidos<\/li>\n\n\n\n<li>Correo electr\u00f3nico<\/li>\n\n\n\n<li>Mensaje<\/li>\n<\/ul>\n<\/li>\n\n\n\n<li>Formulario de reclamaci\u00f3n sobre productos \/ seguridad de los materiales :\n<ul class=\"wp-block-list\">\n<li>Apellidos<\/li>\n\n\n\n<li>Instituci\u00f3n o Empresa<\/li>\n\n\n\n<li>Correo electr\u00f3nico<\/li>\n\n\n\n<li>Tel\u00e9fono<\/li>\n\n\n\n<li>Pa\u00eds<\/li>\n\n\n\n<li>Direcci\u00f3n (con ciudad y c\u00f3digo postal)<\/li>\n\n\n\n<li>Categor\u00eda de productos<\/li>\n\n\n\n<li>Productos<\/li>\n\n\n\n<li>Calculadora utilizada<\/li>\n\n\n\n<li>N\u00famero de serie<\/li>\n\n\n\n<li>Fecha de caducidad del producto<\/li>\n\n\n\n<li>Fecha de aplicaci\u00f3n<\/li>\n\n\n\n<li>Fecha del incidente<\/li>\n\n\n\n<li>Mensaje<\/li>\n<\/ul>\n<\/li>\n\n\n\n<li>Formulario de creaci\u00f3n de cuenta :\n<ul class=\"wp-block-list\">\n<li>Nombre<\/li>\n\n\n\n<li>Apellidos<\/li>\n\n\n\n<li>Correo electr\u00f3nico<\/li>\n\n\n\n<li>Contrase\u00f1a<\/li>\n\n\n\n<li>Direcci\u00f3n<\/li>\n\n\n\n<li>C\u00f3digo postal<\/li>\n\n\n\n<li>Ciudad<\/li>\n\n\n\n<li>Pa\u00eds<\/li>\n\n\n\n<li>Tipo de especialidad m\u00e9dica (Profesional o Distribuidor)<\/li>\n<\/ul>\n<\/li>\n<\/ul>\n\n\n\n<ul class=\"wp-block-list\">\n<li>An\u00e1lisis y cookies: cookies de navegaci\u00f3n (direcci\u00f3n IP) y datos de navegaci\u00f3n anonimizados con fines estad\u00edsticos.<\/li>\n\n\n\n<li>Origen geogr\u00e1fico de los visitantes,<\/li>\n\n\n\n<li>P\u00e1ginas visitadas y tiempo pasado en cada p\u00e1gina<\/li>\n\n\n\n<li>D\u00edas y franjas horarias de las visitas,<\/li>\n\n\n\n<li>Palabras clave tecleadas por los usuarios para acceder al sitio,<\/li>\n\n\n\n<li>Palabras clave y directorios de origen.<\/li>\n<\/ul>\n\n\n\n<h2 class=\"wp-block-heading\">DESTINATARIOS DE LOS DATOS<\/h2>\n\n\n\n<p>Los destinatarios de los datos tratados por CRISTALENS INDUSTRIE como responsable del tratamiento son<\/p>\n\n\n\n<ul class=\"wp-block-list\">\n<li>Los empleados de CRISTALENS INDUSTRIE y su filiale CRISTALENS FRANCE autorizados por sus funciones, que necesiten conocer los datos para los fines del tratamiento;<\/li>\n\n\n\n<li>Posiblemente proveedores de servicios t\u00e9cnicos cuya intervenci\u00f3n sea necesaria para alcanzar la finalidad del tratamiento.<\/li>\n<\/ul>\n\n\n\n<p>Los datos no se transfieren fuera de la UE.<\/p>\n\n\n\n<h2 class=\"wp-block-heading\">PERIODO DE CONSERVACI\u00d3N<\/h2>\n\n\n\n<p>Los datos recogidos se conservan y utilizan durante el periodo estrictamente necesario para los fines perseguidos. Por consiguiente, los datos personales recogidos se suprimen al final del periodo de conservaci\u00f3n de 3 a\u00f1os o en caso de ejercicio del derecho de supresi\u00f3n. <\/p>\n\n\n\n<p>En caso de que se recojan datos relacionados con los recursos humanos, como curr\u00edculos y cartas de presentaci\u00f3n, este periodo se reducir\u00e1 a 1 a\u00f1o.<\/p>\n\n\n\n<p>Los datos podr\u00e1n archivarse para cumplir obligaciones legales. Tambi\u00e9n podr\u00e1n ser anonimizados con fines estad\u00edsticos y de investigaci\u00f3n. <\/p>\n\n\n\n<p>En caso de robo de datos, se notificar\u00e1 inmediatamente al responsable de Protecci\u00f3n de Datos del sitio web con toda la informaci\u00f3n sobre el robo.<\/p>\n\n\n\n<p>Tras la valoraci\u00f3n de las posibles consecuencias, se tomar\u00e1n contramedidas para mitigarlo o para evitar que el incidente se repita.<\/p>\n\n\n\n<p>Si la valoraci\u00f3n de las consecuencias desvela un riesgo para los derechos y libertades de las personas f\u00edsicas, se avisar\u00e1 al CNIL en un plazo de 72 horas. Si este riesgo es elevado, se alertar\u00e1 lo antes posible a las personas afectadas. <\/p>\n\n\n\n<h2 class=\"wp-block-heading\">RESUMEN DE DERECHOS<\/h2>\n\n\n\n<p>De conformidad con la normativa aplicable, tiene derecho a acceder, rectificar, suprimir, limitar y portar sus datos personales tratados por CRISTALENS INDUSTRIE. Tambi\u00e9n tiene derecho a oponerse al tratamiento de sus datos personales con fines de prospecci\u00f3n. Adem\u00e1s, cuando haya dado su consentimiento al tratamiento de datos, tiene derecho a retirar dicho consentimiento en cualquier momento.  <\/p>\n\n\n\n<p>Puede ejercer estos derechos, sin necesidad de justificaci\u00f3n y en cualquier momento, utilizando el formulario de contacto del sitio web en el que se recogieron sus datos o enviando una carta a la siguiente direcci\u00f3n : Att Responsable de protecci\u00f3n de datos, CRISTALENS INDUSTRIE, 4 Rue Louis de Broglie 22300 LANNION, France, adjuntando un documento de identidad.<\/p>\n\n\n\n<p>A falta de respuesta por nuestra parte o si el litigio persiste, podr\u00e1 presentar una reclamaci\u00f3n ante la autoridad de control del estado miembro de la Uni\u00f3n Europea en el que resida.<\/p>\n","protected":false},"excerpt":{"rendered":"<p>RESPONSABLE DEL TRATAMIENTO DE DATOS La empresa CRISTALENS ESPA\u00d1A, Cristalens Sociedad Limitada, inscrita en el Registro Mercantil con el CIF B 66374224 cuya sede social se encuentra en Barcelona, Roger de Ll\u00faria 44, 7-4, dispone de un sitio web escaparate destinado tanto a profesionales de la salud como a pacientes y particulares. As\u00ed como PLANETHOSTER [&hellip;]<\/p>\n","protected":false},"author":1,"featured_media":0,"parent":0,"menu_order":0,"comment_status":"closed","ping_status":"closed","template":"","meta":{"footnotes":""},"class_list":["post-50232","page","type-page","status-publish","hentry"],"yoast_head":"<!-- This site is optimized with the Yoast SEO plugin v27.0 - https:\/\/yoast.com\/product\/yoast-seo-wordpress\/ -->\n<title>Politica de confidencialidad - Cristalens International<\/title>\n<meta name=\"robots\" content=\"noindex, follow, max-snippet:-1, max-image-preview:large, max-video-preview:-1\" \/>\n<meta property=\"og:locale\" content=\"es_ES\" \/>\n<meta property=\"og:type\" content=\"article\" \/>\n<meta property=\"og:title\" content=\"Politica de confidencialidad - Cristalens International\" \/>\n<meta property=\"og:description\" content=\"RESPONSABLE DEL TRATAMIENTO DE DATOS La empresa CRISTALENS ESPA\u00d1A, Cristalens Sociedad Limitada, inscrita en el Registro Mercantil con el CIF B 66374224 cuya sede social se encuentra en Barcelona, Roger de Ll\u00faria 44, 7-4, dispone de un sitio web escaparate destinado tanto a profesionales de la salud como a pacientes y particulares. As\u00ed como PLANETHOSTER [&hellip;]\" \/>\n<meta property=\"og:url\" content=\"https:\/\/cristalens-international.srv3.ablop.com\/es\/politica-de-confidencialidad\/\" \/>\n<meta property=\"og:site_name\" content=\"Cristalens International\" \/>\n<meta property=\"article:publisher\" content=\"https:\/\/www.facebook.com\/profile.php?id=100086683908312\" \/>\n<meta property=\"article:modified_time\" content=\"2026-02-10T13:41:55+00:00\" \/>\n<meta name=\"twitter:card\" content=\"summary_large_image\" \/>\n<meta name=\"twitter:label1\" content=\"Tiempo de lectura\" \/>\n\t<meta name=\"twitter:data1\" content=\"5 minutos\" \/>\n<script type=\"application\/ld+json\" class=\"yoast-schema-graph\">{\"@context\":\"https:\/\/schema.org\",\"@graph\":[{\"@type\":\"WebPage\",\"@id\":\"https:\/\/cristalens-international.srv3.ablop.com\/es\/politica-de-confidencialidad\/\",\"url\":\"https:\/\/cristalens-international.srv3.ablop.com\/es\/politica-de-confidencialidad\/\",\"name\":\"Politica de confidencialidad - Cristalens International\",\"isPartOf\":{\"@id\":\"https:\/\/cristalens-international.srv3.ablop.com\/#website\"},\"datePublished\":\"2025-12-11T12:42:29+00:00\",\"dateModified\":\"2026-02-10T13:41:55+00:00\",\"breadcrumb\":{\"@id\":\"https:\/\/cristalens-international.srv3.ablop.com\/es\/politica-de-confidencialidad\/#breadcrumb\"},\"inLanguage\":\"es\",\"potentialAction\":[{\"@type\":\"ReadAction\",\"target\":[\"https:\/\/cristalens-international.srv3.ablop.com\/es\/politica-de-confidencialidad\/\"]}]},{\"@type\":\"BreadcrumbList\",\"@id\":\"https:\/\/cristalens-international.srv3.ablop.com\/es\/politica-de-confidencialidad\/#breadcrumb\",\"itemListElement\":[{\"@type\":\"ListItem\",\"position\":1,\"name\":\"Accueil\",\"item\":\"https:\/\/cristalens-international.srv3.ablop.com\/\"},{\"@type\":\"ListItem\",\"position\":2,\"name\":\"Politica de confidencialidad\"}]},{\"@type\":\"WebSite\",\"@id\":\"https:\/\/cristalens-international.srv3.ablop.com\/#website\",\"url\":\"https:\/\/cristalens-international.srv3.ablop.com\/\",\"name\":\"Cristalens International\",\"description\":\"\",\"publisher\":{\"@id\":\"https:\/\/cristalens-international.srv3.ablop.com\/#organization\"},\"potentialAction\":[{\"@type\":\"SearchAction\",\"target\":{\"@type\":\"EntryPoint\",\"urlTemplate\":\"https:\/\/cristalens-international.srv3.ablop.com\/?s={search_term_string}\"},\"query-input\":{\"@type\":\"PropertyValueSpecification\",\"valueRequired\":true,\"valueName\":\"search_term_string\"}}],\"inLanguage\":\"es\"},{\"@type\":\"Organization\",\"@id\":\"https:\/\/cristalens-international.srv3.ablop.com\/#organization\",\"name\":\"Cristalens International\",\"url\":\"https:\/\/cristalens-international.srv3.ablop.com\/\",\"logo\":{\"@type\":\"ImageObject\",\"inLanguage\":\"es\",\"@id\":\"https:\/\/cristalens-international.srv3.ablop.com\/#\/schema\/logo\/image\/\",\"url\":\"https:\/\/cristalens-international.srv3.ablop.com\/wp-content\/uploads\/2025\/10\/Cristalens-logo-cut.svg\",\"contentUrl\":\"https:\/\/cristalens-international.srv3.ablop.com\/wp-content\/uploads\/2025\/10\/Cristalens-logo-cut.svg\",\"width\":1644,\"height\":269,\"caption\":\"Cristalens International\"},\"image\":{\"@id\":\"https:\/\/cristalens-international.srv3.ablop.com\/#\/schema\/logo\/image\/\"},\"sameAs\":[\"https:\/\/www.facebook.com\/profile.php?id=100086683908312\",\"https:\/\/www.linkedin.com\/company\/cristalens-international\/\",\"https:\/\/www.instagram.com\/cristalens_international\/\",\"https:\/\/www.youtube.com\/channel\/UCFTlNXfDJoIByy530IiZPuQ\"]}]}<\/script>\n<!-- \/ Yoast SEO plugin. -->","yoast_head_json":{"title":"Politica de confidencialidad - Cristalens International","robots":{"index":"noindex","follow":"follow","max-snippet":"max-snippet:-1","max-image-preview":"max-image-preview:large","max-video-preview":"max-video-preview:-1"},"og_locale":"es_ES","og_type":"article","og_title":"Politica de confidencialidad - Cristalens International","og_description":"RESPONSABLE DEL TRATAMIENTO DE DATOS La empresa CRISTALENS ESPA\u00d1A, Cristalens Sociedad Limitada, inscrita en el Registro Mercantil con el CIF B 66374224 cuya sede social se encuentra en Barcelona, Roger de Ll\u00faria 44, 7-4, dispone de un sitio web escaparate destinado tanto a profesionales de la salud como a pacientes y particulares. As\u00ed como PLANETHOSTER [&hellip;]","og_url":"https:\/\/cristalens-international.srv3.ablop.com\/es\/politica-de-confidencialidad\/","og_site_name":"Cristalens International","article_publisher":"https:\/\/www.facebook.com\/profile.php?id=100086683908312","article_modified_time":"2026-02-10T13:41:55+00:00","twitter_card":"summary_large_image","twitter_misc":{"Tiempo de lectura":"5 minutos"},"schema":{"@context":"https:\/\/schema.org","@graph":[{"@type":"WebPage","@id":"https:\/\/cristalens-international.srv3.ablop.com\/es\/politica-de-confidencialidad\/","url":"https:\/\/cristalens-international.srv3.ablop.com\/es\/politica-de-confidencialidad\/","name":"Politica de confidencialidad - Cristalens International","isPartOf":{"@id":"https:\/\/cristalens-international.srv3.ablop.com\/#website"},"datePublished":"2025-12-11T12:42:29+00:00","dateModified":"2026-02-10T13:41:55+00:00","breadcrumb":{"@id":"https:\/\/cristalens-international.srv3.ablop.com\/es\/politica-de-confidencialidad\/#breadcrumb"},"inLanguage":"es","potentialAction":[{"@type":"ReadAction","target":["https:\/\/cristalens-international.srv3.ablop.com\/es\/politica-de-confidencialidad\/"]}]},{"@type":"BreadcrumbList","@id":"https:\/\/cristalens-international.srv3.ablop.com\/es\/politica-de-confidencialidad\/#breadcrumb","itemListElement":[{"@type":"ListItem","position":1,"name":"Accueil","item":"https:\/\/cristalens-international.srv3.ablop.com\/"},{"@type":"ListItem","position":2,"name":"Politica de confidencialidad"}]},{"@type":"WebSite","@id":"https:\/\/cristalens-international.srv3.ablop.com\/#website","url":"https:\/\/cristalens-international.srv3.ablop.com\/","name":"Cristalens International","description":"","publisher":{"@id":"https:\/\/cristalens-international.srv3.ablop.com\/#organization"},"potentialAction":[{"@type":"SearchAction","target":{"@type":"EntryPoint","urlTemplate":"https:\/\/cristalens-international.srv3.ablop.com\/?s={search_term_string}"},"query-input":{"@type":"PropertyValueSpecification","valueRequired":true,"valueName":"search_term_string"}}],"inLanguage":"es"},{"@type":"Organization","@id":"https:\/\/cristalens-international.srv3.ablop.com\/#organization","name":"Cristalens International","url":"https:\/\/cristalens-international.srv3.ablop.com\/","logo":{"@type":"ImageObject","inLanguage":"es","@id":"https:\/\/cristalens-international.srv3.ablop.com\/#\/schema\/logo\/image\/","url":"https:\/\/cristalens-international.srv3.ablop.com\/wp-content\/uploads\/2025\/10\/Cristalens-logo-cut.svg","contentUrl":"https:\/\/cristalens-international.srv3.ablop.com\/wp-content\/uploads\/2025\/10\/Cristalens-logo-cut.svg","width":1644,"height":269,"caption":"Cristalens International"},"image":{"@id":"https:\/\/cristalens-international.srv3.ablop.com\/#\/schema\/logo\/image\/"},"sameAs":["https:\/\/www.facebook.com\/profile.php?id=100086683908312","https:\/\/www.linkedin.com\/company\/cristalens-international\/","https:\/\/www.instagram.com\/cristalens_international\/","https:\/\/www.youtube.com\/channel\/UCFTlNXfDJoIByy530IiZPuQ"]}]}},"_links":{"self":[{"href":"https:\/\/cristalens-international.srv3.ablop.com\/es\/wp-json\/wp\/v2\/pages\/50232","targetHints":{"allow":["GET"]}}],"collection":[{"href":"https:\/\/cristalens-international.srv3.ablop.com\/es\/wp-json\/wp\/v2\/pages"}],"about":[{"href":"https:\/\/cristalens-international.srv3.ablop.com\/es\/wp-json\/wp\/v2\/types\/page"}],"author":[{"embeddable":true,"href":"https:\/\/cristalens-international.srv3.ablop.com\/es\/wp-json\/wp\/v2\/users\/1"}],"replies":[{"embeddable":true,"href":"https:\/\/cristalens-international.srv3.ablop.com\/es\/wp-json\/wp\/v2\/comments?post=50232"}],"version-history":[{"count":2,"href":"https:\/\/cristalens-international.srv3.ablop.com\/es\/wp-json\/wp\/v2\/pages\/50232\/revisions"}],"predecessor-version":[{"id":50234,"href":"https:\/\/cristalens-international.srv3.ablop.com\/es\/wp-json\/wp\/v2\/pages\/50232\/revisions\/50234"}],"wp:attachment":[{"href":"https:\/\/cristalens-international.srv3.ablop.com\/es\/wp-json\/wp\/v2\/media?parent=50232"}],"curies":[{"name":"wp","href":"https:\/\/api.w.org\/{rel}","templated":true}]}}